{"id":69,"date":"2014-10-23T09:15:25","date_gmt":"2014-10-23T09:15:25","guid":{"rendered":"http:\/\/xml-io.proteusthemes.com\/buildpress\/?page_id=69"},"modified":"2023-10-18T19:15:38","modified_gmt":"2023-10-18T17:15:38","slug":"posadzki-zywiczne","status":"publish","type":"page","link":"https:\/\/asonapolska.pl\/index.php\/posadzki-zywiczne\/","title":{"rendered":"POSADZKI \u017bYWICZNE"},"content":{"rendered":"<div id=\"pl-69\"  class=\"panel-layout\" ><div id=\"pg-69-0\"  class=\"panel-grid panel-no-style\" ><div id=\"pgc-69-0-0\"  class=\"panel-grid-cell panel-grid-cell-mobile-last\" ><div id=\"panel-69-0-0-0\" class=\"so-panel widget widget_black-studio-tinymce widget_black_studio_tinymce panel-first-child panel-last-child\" data-index=\"0\" ><div class=\"textwidget\"><blockquote><p><strong>Kontakt:<\/strong><\/p>\n<p>posadzki@asonapolska.pl<br \/>\ntel. 606 967 000<\/p><\/blockquote>\n<\/div><\/div><\/div><div id=\"pgc-69-0-1\"  class=\"panel-grid-cell panel-grid-cell-empty\" ><\/div><\/div><div id=\"pg-69-1\"  class=\"panel-grid panel-no-style\" ><div id=\"pgc-69-1-0\"  class=\"panel-grid-cell\" ><div id=\"panel-69-1-0-0\" class=\"so-panel widget widget_black-studio-tinymce widget_black_studio_tinymce panel-first-child panel-last-child\" data-index=\"1\" ><div class=\"textwidget\"><p style=\"text-align: justify;\">Inwestorzy na ca\u0142ym \u015bwiecie poszukuj\u0105 nowych rozwi\u0105za\u0144 w zakresie zabezpieczenia przed zabrudzeniami oraz \u015bcieralno\u015bci\u0105 posadzek przemys\u0142owych w gara\u017cach, halach produkcyjnych czy magazynach.\u00a0Odpowiednio dobrany materia\u0142 pozawala na uzyskanie wymiernych oszcz\u0119dno\u015bci przy p\u00f3\u017aniejszej eksploatacji posadzki, kt\u00f3ra tak naprawd\u0119 jest najbardziej eksploatowanym elementem budynku.\u00a0<strong>Idealnym rozwi\u0105zaniem w tym przypadku s\u0105 posadzki z \u017cywic epoksydowych czy poliuretanowych.<\/strong>\u00a0 \u00a0 \u00a0 \u00a0 \u00a0<\/p>\n<p style=\"text-align: justify;\">Odpowiedni dob\u00f3r materia\u0142\u00f3w i fachowe wykonanie zapewnia d\u0142ugotrwa\u0142e u\u017cytkowanie oraz oszcz\u0119dno\u015bci na \u015brodkach czyszcz\u0105cych. Zastosowanie \u017cywic wymaga jednak zachowania odpowiednich rygor\u00f3w technologicznych w trakcie uk\u0142adania powierzchni.\u00a0Nasze wieloletnie do\u015bwiadczenie zapewnia bezb\u0142\u0119dne <strong>doradztwo w wyborze materia\u0142\u00f3w, oraz rzetelne wykonanie pod wzgl\u0119dem jako\u015bciowym<\/strong>.\u00a0Nasze \u017cywice epoksydowe lub poliuretanowe oraz systemy posadzek cienko-pow\u0142okowych i typu ABS Duro System s\u0105 dostosowywane do indywidualnych wymaga\u0144 stawianych posadzkom, kt\u00f3re s\u0105 eksploatowane nawet w bardzo ci\u0119\u017ckich warunkach.<\/p>\n<p style=\"text-align: justify;\">Systemy \u017cywiczne, systemy posadzek mineralnych i polimerowych s\u0105 zawsze dobierane indywidualnie do ka\u017cdego rodzaju zlecenia. Nasi pracownicy nie stosuj\u0105 jednego uniwersalnego rozwi\u0105zania w pomieszczeniach.\u00a0Podczas doboru posadzki do konkretnej inwestycji kierujemy si\u0119 wyd\u0142u\u017ceniem okresu eksploatacji i zmniejszeniem koszt\u00f3w eksploatacji. Dzi\u0119ki bogatemu do\u015bwiadczeniu mo\u017cemy wychodzi\u0107 naprzeciw oczekiwaniom klient\u00f3w.<\/p>\n<\/div><\/div><\/div><div id=\"pgc-69-1-1\"  class=\"panel-grid-cell\" ><div id=\"panel-69-1-1-0\" class=\"so-panel widget widget_black-studio-tinymce widget_black_studio_tinymce panel-first-child panel-last-child\" data-index=\"2\" ><div class=\"textwidget\"><p><figure id=\"attachment_2360\" aria-describedby=\"caption-attachment-2360\" style=\"width: 300px\" class=\"wp-caption alignnone\"><a href=\"http:\/\/asonapolska.eu\/wp-content\/uploads\/2014\/10\/SAM1120.jpg\"><img loading=\"lazy\" decoding=\"async\" class=\"wp-image-2360 size-medium\" src=\"http:\/\/asonapolska.eu\/wp-content\/uploads\/2014\/10\/SAM1120-300x200.jpg\" alt=\"\" width=\"300\" height=\"200\" srcset=\"https:\/\/asonapolska.pl\/wp-content\/uploads\/2014\/10\/SAM1120-300x200.jpg 300w, https:\/\/asonapolska.pl\/wp-content\/uploads\/2014\/10\/SAM1120-600x400.jpg 600w, https:\/\/asonapolska.pl\/wp-content\/uploads\/2014\/10\/SAM1120-1024x683.jpg 1024w, https:\/\/asonapolska.pl\/wp-content\/uploads\/2014\/10\/SAM1120-360x240.jpg 360w, https:\/\/asonapolska.pl\/wp-content\/uploads\/2014\/10\/SAM1120-555x370.jpg 555w, https:\/\/asonapolska.pl\/wp-content\/uploads\/2014\/10\/SAM1120-272x182.jpg 272w\" sizes=\"auto, (max-width: 300px) 100vw, 300px\" \/><\/a><figcaption id=\"caption-attachment-2360\" class=\"wp-caption-text\">Gda\u0144ski Business Center \/ Warszawa<\/figcaption><\/figure><figure id=\"attachment_2357\" aria-describedby=\"caption-attachment-2357\" style=\"width: 300px\" class=\"wp-caption alignnone\"><a href=\"http:\/\/asonapolska.eu\/wp-content\/uploads\/2014\/10\/SAM1112.jpg\"><img loading=\"lazy\" decoding=\"async\" class=\"wp-image-2357 size-medium\" src=\"http:\/\/asonapolska.eu\/wp-content\/uploads\/2014\/10\/SAM1112-300x200.jpg\" alt=\"\" width=\"300\" height=\"200\" srcset=\"https:\/\/asonapolska.pl\/wp-content\/uploads\/2014\/10\/SAM1112-300x200.jpg 300w, https:\/\/asonapolska.pl\/wp-content\/uploads\/2014\/10\/SAM1112-600x400.jpg 600w, https:\/\/asonapolska.pl\/wp-content\/uploads\/2014\/10\/SAM1112-1024x683.jpg 1024w, https:\/\/asonapolska.pl\/wp-content\/uploads\/2014\/10\/SAM1112-360x240.jpg 360w, https:\/\/asonapolska.pl\/wp-content\/uploads\/2014\/10\/SAM1112-555x370.jpg 555w, https:\/\/asonapolska.pl\/wp-content\/uploads\/2014\/10\/SAM1112-272x182.jpg 272w\" sizes=\"auto, (max-width: 300px) 100vw, 300px\" \/><\/a><figcaption id=\"caption-attachment-2357\" class=\"wp-caption-text\">Gda\u0144ski Business Center \/ Warszawa<\/figcaption><\/figure><\/p>\n<\/div><\/div><\/div><\/div><div id=\"pg-69-2\"  class=\"panel-grid panel-no-style\" ><div id=\"pgc-69-2-0\"  class=\"panel-grid-cell\" ><div id=\"panel-69-2-0-0\" class=\"so-panel widget widget_black-studio-tinymce widget_black_studio_tinymce panel-first-child panel-last-child\" data-index=\"3\" ><h3 class=\"widget-title\">Wybrana lista referencyjna:<\/h3><div class=\"textwidget\"><table class=\"table\">\n<thead>\n<tr>\n<th>POSADZKI\u00a0\u017bYWICZNE<\/th>\n<th class=\"align-left\">LOKALIZACJA<\/th>\n<th class=\"align-left\">POWIERZCHNIA<\/th>\n<\/tr>\n<\/thead>\n<tbody>\n<tr class=\"active\">\n<td>Parking Hotel Inter Continental<\/td>\n<td class=\"align-left\">Warszawa<\/td>\n<td class=\"align-left\">6 700\u00a0m2<\/td>\n<\/tr>\n<tr>\n<td>Parking CH Reduta<\/td>\n<td class=\"align-left\">Warszawa<\/td>\n<td class=\"align-left\">19 000\u00a0m2<\/td>\n<\/tr>\n<tr class=\"active\">\n<td>Parking Hotelu Anders<\/td>\n<td class=\"align-left\">Praga<\/td>\n<td class=\"align-left\">850 m2<\/td>\n<\/tr>\n<tr>\n<td>Parking biurowca Hormony<\/td>\n<td class=\"align-left\">Warszawa<\/td>\n<td class=\"align-left\">8 800\u00a0m2<\/td>\n<\/tr>\n<tr class=\"active\">\n<td>ul. Post\u0119pu 14<\/td>\n<td class=\"align-left\">Warszawa<\/td>\n<td class=\"align-left\">20 000\u00a0m2<\/td>\n<\/tr>\n<tr>\n<td>ul. \u017baryna 2A<\/td>\n<td class=\"align-left\">Warszawa<\/td>\n<td class=\"align-left\">14 000\u00a0m2<\/td>\n<\/tr>\n<tr class=\"active\">\n<td>Gda\u0144ski Business Center<\/td>\n<td class=\"align-left\">Warszawa<\/td>\n<td class=\"align-left\">55 000\u00a0m2<\/td>\n<\/tr>\n<tr>\n<td>Konstruktorska Business Center<\/td>\n<td class=\"align-left\">Warszawa<\/td>\n<td class=\"align-left\">30 000\u00a0m2<\/td>\n<\/tr>\n<tr class=\"active\">\n<td>Trybuny stadionu KS Legia Warszawa<\/td>\n<td class=\"align-left\">Warszawa<\/td>\n<td class=\"align-left\">1 500\u00a0m2<\/td>\n<\/tr>\n<tr>\n<td>Osiedle Nugat II<\/td>\n<td class=\"align-left\">Warszawa<\/td>\n<td class=\"align-left\">12 000\u00a0m2<\/td>\n<\/tr>\n<\/tbody>\n<\/table>\n<\/div><\/div><\/div><\/div><\/div>","protected":false},"excerpt":{"rendered":"<p>Specjalizujemy si\u0119 w posadzkach \u017cywicznych. Pracujemy na materia\u0142ach firmy STO, Bautech, Flowcrete, Sika i innych.<\/p>\n","protected":false},"author":1,"featured_media":2362,"parent":0,"menu_order":0,"comment_status":"closed","ping_status":"closed","template":"","meta":{"footnotes":""},"class_list":["post-69","page","type-page","status-publish","has-post-thumbnail","hentry"],"yoast_head":"<!-- This site is optimized with the Yoast SEO plugin v27.5 - https:\/\/yoast.com\/product\/yoast-seo-wordpress\/ -->\n<title>POSADZKI \u017bYWICZNE - Asona Polska<\/title>\n<meta name=\"robots\" content=\"index, follow, max-snippet:-1, max-image-preview:large, max-video-preview:-1\" \/>\n<link rel=\"canonical\" href=\"https:\/\/asonapolska.pl\/index.php\/posadzki-zywiczne\/\" \/>\n<meta property=\"og:locale\" content=\"pl_PL\" \/>\n<meta property=\"og:type\" content=\"article\" \/>\n<meta property=\"og:title\" content=\"POSADZKI \u017bYWICZNE - Asona Polska\" \/>\n<meta property=\"og:description\" content=\"Specjalizujemy si\u0119 w posadzkach \u017cywicznych. Pracujemy na materia\u0142ach firmy STO, Bautech, Flowcrete, Sika i innych.\" \/>\n<meta property=\"og:url\" content=\"https:\/\/asonapolska.pl\/index.php\/posadzki-zywiczne\/\" \/>\n<meta property=\"og:site_name\" content=\"Asona Polska\" \/>\n<meta property=\"article:modified_time\" content=\"2023-10-18T17:15:38+00:00\" \/>\n<meta property=\"og:image\" content=\"https:\/\/asonapolska.pl\/wp-content\/uploads\/2014\/10\/SAM1122-scaled.jpg\" \/>\n\t<meta property=\"og:image:width\" content=\"2560\" \/>\n\t<meta property=\"og:image:height\" content=\"1707\" \/>\n\t<meta property=\"og:image:type\" content=\"image\/jpeg\" \/>\n<meta name=\"twitter:card\" content=\"summary_large_image\" \/>\n<meta name=\"twitter:label1\" content=\"Szacowany czas czytania\" \/>\n\t<meta name=\"twitter:data1\" content=\"2 minuty\" \/>\n<script type=\"application\/ld+json\" class=\"yoast-schema-graph\">{\"@context\":\"https:\\\/\\\/schema.org\",\"@graph\":[{\"@type\":\"WebPage\",\"@id\":\"https:\\\/\\\/asonapolska.pl\\\/index.php\\\/posadzki-zywiczne\\\/\",\"url\":\"https:\\\/\\\/asonapolska.pl\\\/index.php\\\/posadzki-zywiczne\\\/\",\"name\":\"POSADZKI \u017bYWICZNE - Asona Polska\",\"isPartOf\":{\"@id\":\"https:\\\/\\\/asonapolska.pl\\\/#website\"},\"primaryImageOfPage\":{\"@id\":\"https:\\\/\\\/asonapolska.pl\\\/index.php\\\/posadzki-zywiczne\\\/#primaryimage\"},\"image\":{\"@id\":\"https:\\\/\\\/asonapolska.pl\\\/index.php\\\/posadzki-zywiczne\\\/#primaryimage\"},\"thumbnailUrl\":\"https:\\\/\\\/asonapolska.pl\\\/wp-content\\\/uploads\\\/2014\\\/10\\\/SAM1122-scaled.jpg\",\"datePublished\":\"2014-10-23T09:15:25+00:00\",\"dateModified\":\"2023-10-18T17:15:38+00:00\",\"breadcrumb\":{\"@id\":\"https:\\\/\\\/asonapolska.pl\\\/index.php\\\/posadzki-zywiczne\\\/#breadcrumb\"},\"inLanguage\":\"pl-PL\",\"potentialAction\":[{\"@type\":\"ReadAction\",\"target\":[\"https:\\\/\\\/asonapolska.pl\\\/index.php\\\/posadzki-zywiczne\\\/\"]}]},{\"@type\":\"ImageObject\",\"inLanguage\":\"pl-PL\",\"@id\":\"https:\\\/\\\/asonapolska.pl\\\/index.php\\\/posadzki-zywiczne\\\/#primaryimage\",\"url\":\"https:\\\/\\\/asonapolska.pl\\\/wp-content\\\/uploads\\\/2014\\\/10\\\/SAM1122-scaled.jpg\",\"contentUrl\":\"https:\\\/\\\/asonapolska.pl\\\/wp-content\\\/uploads\\\/2014\\\/10\\\/SAM1122-scaled.jpg\",\"width\":2560,\"height\":1707,\"caption\":\"SAMSUNG CSC\"},{\"@type\":\"BreadcrumbList\",\"@id\":\"https:\\\/\\\/asonapolska.pl\\\/index.php\\\/posadzki-zywiczne\\\/#breadcrumb\",\"itemListElement\":[{\"@type\":\"ListItem\",\"position\":1,\"name\":\"Strona g\u0142\u00f3wna\",\"item\":\"https:\\\/\\\/asonapolska.pl\\\/\"},{\"@type\":\"ListItem\",\"position\":2,\"name\":\"POSADZKI \u017bYWICZNE\"}]},{\"@type\":\"WebSite\",\"@id\":\"https:\\\/\\\/asonapolska.pl\\\/#website\",\"url\":\"https:\\\/\\\/asonapolska.pl\\\/\",\"name\":\"Asona Polska\",\"description\":\"Posadzki \u017cywiczne i betonowe\",\"potentialAction\":[{\"@type\":\"SearchAction\",\"target\":{\"@type\":\"EntryPoint\",\"urlTemplate\":\"https:\\\/\\\/asonapolska.pl\\\/?s={search_term_string}\"},\"query-input\":{\"@type\":\"PropertyValueSpecification\",\"valueRequired\":true,\"valueName\":\"search_term_string\"}}],\"inLanguage\":\"pl-PL\"}]}<\/script>\n<!-- \/ Yoast SEO plugin. -->","yoast_head_json":{"title":"POSADZKI \u017bYWICZNE - Asona Polska","robots":{"index":"index","follow":"follow","max-snippet":"max-snippet:-1","max-image-preview":"max-image-preview:large","max-video-preview":"max-video-preview:-1"},"canonical":"https:\/\/asonapolska.pl\/index.php\/posadzki-zywiczne\/","og_locale":"pl_PL","og_type":"article","og_title":"POSADZKI \u017bYWICZNE - Asona Polska","og_description":"Specjalizujemy si\u0119 w posadzkach \u017cywicznych. Pracujemy na materia\u0142ach firmy STO, Bautech, Flowcrete, Sika i innych.","og_url":"https:\/\/asonapolska.pl\/index.php\/posadzki-zywiczne\/","og_site_name":"Asona Polska","article_modified_time":"2023-10-18T17:15:38+00:00","og_image":[{"width":2560,"height":1707,"url":"https:\/\/asonapolska.pl\/wp-content\/uploads\/2014\/10\/SAM1122-scaled.jpg","type":"image\/jpeg"}],"twitter_card":"summary_large_image","twitter_misc":{"Szacowany czas czytania":"2 minuty"},"schema":{"@context":"https:\/\/schema.org","@graph":[{"@type":"WebPage","@id":"https:\/\/asonapolska.pl\/index.php\/posadzki-zywiczne\/","url":"https:\/\/asonapolska.pl\/index.php\/posadzki-zywiczne\/","name":"POSADZKI \u017bYWICZNE - Asona Polska","isPartOf":{"@id":"https:\/\/asonapolska.pl\/#website"},"primaryImageOfPage":{"@id":"https:\/\/asonapolska.pl\/index.php\/posadzki-zywiczne\/#primaryimage"},"image":{"@id":"https:\/\/asonapolska.pl\/index.php\/posadzki-zywiczne\/#primaryimage"},"thumbnailUrl":"https:\/\/asonapolska.pl\/wp-content\/uploads\/2014\/10\/SAM1122-scaled.jpg","datePublished":"2014-10-23T09:15:25+00:00","dateModified":"2023-10-18T17:15:38+00:00","breadcrumb":{"@id":"https:\/\/asonapolska.pl\/index.php\/posadzki-zywiczne\/#breadcrumb"},"inLanguage":"pl-PL","potentialAction":[{"@type":"ReadAction","target":["https:\/\/asonapolska.pl\/index.php\/posadzki-zywiczne\/"]}]},{"@type":"ImageObject","inLanguage":"pl-PL","@id":"https:\/\/asonapolska.pl\/index.php\/posadzki-zywiczne\/#primaryimage","url":"https:\/\/asonapolska.pl\/wp-content\/uploads\/2014\/10\/SAM1122-scaled.jpg","contentUrl":"https:\/\/asonapolska.pl\/wp-content\/uploads\/2014\/10\/SAM1122-scaled.jpg","width":2560,"height":1707,"caption":"SAMSUNG CSC"},{"@type":"BreadcrumbList","@id":"https:\/\/asonapolska.pl\/index.php\/posadzki-zywiczne\/#breadcrumb","itemListElement":[{"@type":"ListItem","position":1,"name":"Strona g\u0142\u00f3wna","item":"https:\/\/asonapolska.pl\/"},{"@type":"ListItem","position":2,"name":"POSADZKI \u017bYWICZNE"}]},{"@type":"WebSite","@id":"https:\/\/asonapolska.pl\/#website","url":"https:\/\/asonapolska.pl\/","name":"Asona Polska","description":"Posadzki \u017cywiczne i betonowe","potentialAction":[{"@type":"SearchAction","target":{"@type":"EntryPoint","urlTemplate":"https:\/\/asonapolska.pl\/?s={search_term_string}"},"query-input":{"@type":"PropertyValueSpecification","valueRequired":true,"valueName":"search_term_string"}}],"inLanguage":"pl-PL"}]}},"_links":{"self":[{"href":"https:\/\/asonapolska.pl\/index.php\/wp-json\/wp\/v2\/pages\/69","targetHints":{"allow":["GET"]}}],"collection":[{"href":"https:\/\/asonapolska.pl\/index.php\/wp-json\/wp\/v2\/pages"}],"about":[{"href":"https:\/\/asonapolska.pl\/index.php\/wp-json\/wp\/v2\/types\/page"}],"author":[{"embeddable":true,"href":"https:\/\/asonapolska.pl\/index.php\/wp-json\/wp\/v2\/users\/1"}],"replies":[{"embeddable":true,"href":"https:\/\/asonapolska.pl\/index.php\/wp-json\/wp\/v2\/comments?post=69"}],"version-history":[{"count":18,"href":"https:\/\/asonapolska.pl\/index.php\/wp-json\/wp\/v2\/pages\/69\/revisions"}],"predecessor-version":[{"id":4162,"href":"https:\/\/asonapolska.pl\/index.php\/wp-json\/wp\/v2\/pages\/69\/revisions\/4162"}],"wp:featuredmedia":[{"embeddable":true,"href":"https:\/\/asonapolska.pl\/index.php\/wp-json\/wp\/v2\/media\/2362"}],"wp:attachment":[{"href":"https:\/\/asonapolska.pl\/index.php\/wp-json\/wp\/v2\/media?parent=69"}],"curies":[{"name":"wp","href":"https:\/\/api.w.org\/{rel}","templated":true}]}}