{"id":2973,"date":"2017-12-19T09:48:24","date_gmt":"2017-12-19T08:48:24","guid":{"rendered":"http:\/\/asonapolska.pl\/?page_id=2973"},"modified":"2022-09-05T12:38:24","modified_gmt":"2022-09-05T10:38:24","slug":"normy-akust","status":"publish","type":"page","link":"https:\/\/asonapolska.pl\/index.php\/normy-akust\/","title":{"rendered":"Normy"},"content":{"rendered":"<div id=\"pl-2973\"  class=\"panel-layout\" ><div id=\"pg-2973-0\"  class=\"panel-grid panel-no-style\" ><div id=\"pgc-2973-0-0\"  class=\"panel-grid-cell\" ><div id=\"panel-2973-0-0-0\" class=\"so-panel widget widget_black-studio-tinymce widget_black_studio_tinymce panel-first-child panel-last-child\" data-index=\"0\" ><h3 class=\"widget-title\">Powo\u0142ania normatywne z zakresu akustyki <\/h3><div class=\"textwidget\"><p style=\"text-align: center;\"><strong>W zwi\u0105zku z wydzieleniem akustyki, jako osobnej marki specjalistycznej <\/strong><span style=\"color: #008080;\">baukustik<\/span><strong>, zapraszamy poni\u017cej na Nasz\u0105 now\u0105 stron\u0119:<\/strong><\/p>\n<p>&nbsp;<\/p>\n<p><a href=\"https:\/\/www.baukustik.com\"><img loading=\"lazy\" decoding=\"async\" class=\"aligncenter wp-image-4116 size-medium\" src=\"http:\/\/asonapolska.pl\/wp-content\/uploads\/2022\/08\/z-napisem-wiekszym-300x67.png\" alt=\"Strona www.baukustik.com\" width=\"300\" height=\"67\" srcset=\"https:\/\/asonapolska.pl\/wp-content\/uploads\/2022\/08\/z-napisem-wiekszym-300x67.png 300w, https:\/\/asonapolska.pl\/wp-content\/uploads\/2022\/08\/z-napisem-wiekszym-768x172.png 768w, https:\/\/asonapolska.pl\/wp-content\/uploads\/2022\/08\/z-napisem-wiekszym-555x124.png 555w, https:\/\/asonapolska.pl\/wp-content\/uploads\/2022\/08\/z-napisem-wiekszym.png 1016w\" sizes=\"auto, (max-width: 300px) 100vw, 300px\" \/><\/a><\/p>\n<\/div><\/div><\/div><\/div><\/div>","protected":false},"excerpt":{"rendered":"<p>W zwi\u0105zku z wydzieleniem akustyki, jako osobnej marki specjalistycznej baukustik, zapraszamy poni\u017cej na Nasz\u0105 now\u0105 stron\u0119: &nbsp;<\/p>\n","protected":false},"author":1,"featured_media":0,"parent":0,"menu_order":0,"comment_status":"closed","ping_status":"closed","template":"","meta":{"footnotes":""},"class_list":["post-2973","page","type-page","status-publish","hentry"],"yoast_head":"<!-- This site is optimized with the Yoast SEO plugin v27.5 - https:\/\/yoast.com\/product\/yoast-seo-wordpress\/ -->\n<title>Normy - Asona Polska<\/title>\n<meta name=\"robots\" content=\"index, follow, max-snippet:-1, max-image-preview:large, max-video-preview:-1\" \/>\n<link rel=\"canonical\" href=\"https:\/\/asonapolska.pl\/index.php\/normy-akust\/\" \/>\n<meta property=\"og:locale\" content=\"pl_PL\" \/>\n<meta property=\"og:type\" content=\"article\" \/>\n<meta property=\"og:title\" content=\"Normy - Asona Polska\" \/>\n<meta property=\"og:description\" content=\"W zwi\u0105zku z wydzieleniem akustyki, jako osobnej marki specjalistycznej baukustik, zapraszamy poni\u017cej na Nasz\u0105 now\u0105 stron\u0119: &nbsp;\" \/>\n<meta property=\"og:url\" content=\"https:\/\/asonapolska.pl\/index.php\/normy-akust\/\" \/>\n<meta property=\"og:site_name\" content=\"Asona Polska\" \/>\n<meta property=\"article:modified_time\" content=\"2022-09-05T10:38:24+00:00\" \/>\n<meta property=\"og:image\" content=\"http:\/\/asonapolska.pl\/wp-content\/uploads\/2022\/08\/z-napisem-wiekszym-300x67.png\" \/>\n<meta name=\"twitter:card\" content=\"summary_large_image\" \/>\n<meta name=\"twitter:label1\" content=\"Szacowany czas czytania\" \/>\n\t<meta name=\"twitter:data1\" content=\"1 minuta\" \/>\n<script type=\"application\/ld+json\" class=\"yoast-schema-graph\">{\"@context\":\"https:\\\/\\\/schema.org\",\"@graph\":[{\"@type\":\"WebPage\",\"@id\":\"https:\\\/\\\/asonapolska.pl\\\/index.php\\\/normy-akust\\\/\",\"url\":\"https:\\\/\\\/asonapolska.pl\\\/index.php\\\/normy-akust\\\/\",\"name\":\"Normy - Asona Polska\",\"isPartOf\":{\"@id\":\"https:\\\/\\\/asonapolska.pl\\\/#website\"},\"primaryImageOfPage\":{\"@id\":\"https:\\\/\\\/asonapolska.pl\\\/index.php\\\/normy-akust\\\/#primaryimage\"},\"image\":{\"@id\":\"https:\\\/\\\/asonapolska.pl\\\/index.php\\\/normy-akust\\\/#primaryimage\"},\"thumbnailUrl\":\"http:\\\/\\\/asonapolska.pl\\\/wp-content\\\/uploads\\\/2022\\\/08\\\/z-napisem-wiekszym-300x67.png\",\"datePublished\":\"2017-12-19T08:48:24+00:00\",\"dateModified\":\"2022-09-05T10:38:24+00:00\",\"breadcrumb\":{\"@id\":\"https:\\\/\\\/asonapolska.pl\\\/index.php\\\/normy-akust\\\/#breadcrumb\"},\"inLanguage\":\"pl-PL\",\"potentialAction\":[{\"@type\":\"ReadAction\",\"target\":[\"https:\\\/\\\/asonapolska.pl\\\/index.php\\\/normy-akust\\\/\"]}]},{\"@type\":\"ImageObject\",\"inLanguage\":\"pl-PL\",\"@id\":\"https:\\\/\\\/asonapolska.pl\\\/index.php\\\/normy-akust\\\/#primaryimage\",\"url\":\"https:\\\/\\\/asonapolska.pl\\\/wp-content\\\/uploads\\\/2022\\\/08\\\/z-napisem-wiekszym.png\",\"contentUrl\":\"https:\\\/\\\/asonapolska.pl\\\/wp-content\\\/uploads\\\/2022\\\/08\\\/z-napisem-wiekszym.png\",\"width\":1016,\"height\":227},{\"@type\":\"BreadcrumbList\",\"@id\":\"https:\\\/\\\/asonapolska.pl\\\/index.php\\\/normy-akust\\\/#breadcrumb\",\"itemListElement\":[{\"@type\":\"ListItem\",\"position\":1,\"name\":\"Strona g\u0142\u00f3wna\",\"item\":\"https:\\\/\\\/asonapolska.pl\\\/\"},{\"@type\":\"ListItem\",\"position\":2,\"name\":\"Normy\"}]},{\"@type\":\"WebSite\",\"@id\":\"https:\\\/\\\/asonapolska.pl\\\/#website\",\"url\":\"https:\\\/\\\/asonapolska.pl\\\/\",\"name\":\"Asona Polska\",\"description\":\"Posadzki \u017cywiczne i betonowe\",\"potentialAction\":[{\"@type\":\"SearchAction\",\"target\":{\"@type\":\"EntryPoint\",\"urlTemplate\":\"https:\\\/\\\/asonapolska.pl\\\/?s={search_term_string}\"},\"query-input\":{\"@type\":\"PropertyValueSpecification\",\"valueRequired\":true,\"valueName\":\"search_term_string\"}}],\"inLanguage\":\"pl-PL\"}]}<\/script>\n<!-- \/ Yoast SEO plugin. -->","yoast_head_json":{"title":"Normy - Asona Polska","robots":{"index":"index","follow":"follow","max-snippet":"max-snippet:-1","max-image-preview":"max-image-preview:large","max-video-preview":"max-video-preview:-1"},"canonical":"https:\/\/asonapolska.pl\/index.php\/normy-akust\/","og_locale":"pl_PL","og_type":"article","og_title":"Normy - Asona Polska","og_description":"W zwi\u0105zku z wydzieleniem akustyki, jako osobnej marki specjalistycznej baukustik, zapraszamy poni\u017cej na Nasz\u0105 now\u0105 stron\u0119: &nbsp;","og_url":"https:\/\/asonapolska.pl\/index.php\/normy-akust\/","og_site_name":"Asona Polska","article_modified_time":"2022-09-05T10:38:24+00:00","og_image":[{"url":"http:\/\/asonapolska.pl\/wp-content\/uploads\/2022\/08\/z-napisem-wiekszym-300x67.png","type":"","width":"","height":""}],"twitter_card":"summary_large_image","twitter_misc":{"Szacowany czas czytania":"1 minuta"},"schema":{"@context":"https:\/\/schema.org","@graph":[{"@type":"WebPage","@id":"https:\/\/asonapolska.pl\/index.php\/normy-akust\/","url":"https:\/\/asonapolska.pl\/index.php\/normy-akust\/","name":"Normy - Asona Polska","isPartOf":{"@id":"https:\/\/asonapolska.pl\/#website"},"primaryImageOfPage":{"@id":"https:\/\/asonapolska.pl\/index.php\/normy-akust\/#primaryimage"},"image":{"@id":"https:\/\/asonapolska.pl\/index.php\/normy-akust\/#primaryimage"},"thumbnailUrl":"http:\/\/asonapolska.pl\/wp-content\/uploads\/2022\/08\/z-napisem-wiekszym-300x67.png","datePublished":"2017-12-19T08:48:24+00:00","dateModified":"2022-09-05T10:38:24+00:00","breadcrumb":{"@id":"https:\/\/asonapolska.pl\/index.php\/normy-akust\/#breadcrumb"},"inLanguage":"pl-PL","potentialAction":[{"@type":"ReadAction","target":["https:\/\/asonapolska.pl\/index.php\/normy-akust\/"]}]},{"@type":"ImageObject","inLanguage":"pl-PL","@id":"https:\/\/asonapolska.pl\/index.php\/normy-akust\/#primaryimage","url":"https:\/\/asonapolska.pl\/wp-content\/uploads\/2022\/08\/z-napisem-wiekszym.png","contentUrl":"https:\/\/asonapolska.pl\/wp-content\/uploads\/2022\/08\/z-napisem-wiekszym.png","width":1016,"height":227},{"@type":"BreadcrumbList","@id":"https:\/\/asonapolska.pl\/index.php\/normy-akust\/#breadcrumb","itemListElement":[{"@type":"ListItem","position":1,"name":"Strona g\u0142\u00f3wna","item":"https:\/\/asonapolska.pl\/"},{"@type":"ListItem","position":2,"name":"Normy"}]},{"@type":"WebSite","@id":"https:\/\/asonapolska.pl\/#website","url":"https:\/\/asonapolska.pl\/","name":"Asona Polska","description":"Posadzki \u017cywiczne i betonowe","potentialAction":[{"@type":"SearchAction","target":{"@type":"EntryPoint","urlTemplate":"https:\/\/asonapolska.pl\/?s={search_term_string}"},"query-input":{"@type":"PropertyValueSpecification","valueRequired":true,"valueName":"search_term_string"}}],"inLanguage":"pl-PL"}]}},"_links":{"self":[{"href":"https:\/\/asonapolska.pl\/index.php\/wp-json\/wp\/v2\/pages\/2973","targetHints":{"allow":["GET"]}}],"collection":[{"href":"https:\/\/asonapolska.pl\/index.php\/wp-json\/wp\/v2\/pages"}],"about":[{"href":"https:\/\/asonapolska.pl\/index.php\/wp-json\/wp\/v2\/types\/page"}],"author":[{"embeddable":true,"href":"https:\/\/asonapolska.pl\/index.php\/wp-json\/wp\/v2\/users\/1"}],"replies":[{"embeddable":true,"href":"https:\/\/asonapolska.pl\/index.php\/wp-json\/wp\/v2\/comments?post=2973"}],"version-history":[{"count":10,"href":"https:\/\/asonapolska.pl\/index.php\/wp-json\/wp\/v2\/pages\/2973\/revisions"}],"predecessor-version":[{"id":4151,"href":"https:\/\/asonapolska.pl\/index.php\/wp-json\/wp\/v2\/pages\/2973\/revisions\/4151"}],"wp:attachment":[{"href":"https:\/\/asonapolska.pl\/index.php\/wp-json\/wp\/v2\/media?parent=2973"}],"curies":[{"name":"wp","href":"https:\/\/api.w.org\/{rel}","templated":true}]}}